{"id":2965,"date":"2024-08-14T07:38:13","date_gmt":"2024-08-14T07:38:13","guid":{"rendered":"https:\/\/www.cwechinox.com\/residential\/?page_id=2965"},"modified":"2024-08-14T07:38:13","modified_gmt":"2024-08-14T07:38:13","slug":"termeni-conditii","status":"publish","type":"page","link":"https:\/\/www.cwechinox.com\/residential\/ro\/termeni-conditii\/","title":{"rendered":"Termeni &#038; Conditii"},"content":{"rendered":"<div class=\"page-content\">\n<p><strong>\u00a0I. DISPOZI\u021aII GENERALE<\/strong><\/p>\n<p>Acest site web (<a href=\"https:\/\/www.cwechinox.com\">www.cwechinox.com<\/a>), denumit \u00een continuare \u201esite\u201d sau \u201esite-ul\u201d sau \u201esite-ul <a href =\"https:\/\/www.cwechinox.com\">www.cwechinox.com<\/a>\u201d, este operat de firma ECHINOX PROPERTY SERVICES S.R.L., avand sediul in Bucuresti, Romania, str. Buzesti 82-94, Turnul Tiriac. , Etaj<sup>e<\/sup> 6, Sector 1<sup>st<\/sup>, num\u0103r de comand\u0103 la Registrul Comer\u021bului J40\/6332\/24.05.2011, CUI 28533585, de c\u0103tre societatea ECHINOX EVALU\u0102RI S.R.L., av\u00e2nd sediul in Bucuresti, Romania, str. Buzesti 82-94, Turnul Tiriac, Etaj 6, Sector 1<sup>st<\/sup>, numar de comanda la Registrul Comertului J40\/15453\/29.12.2011, CUI 29499937 si de catre societatea ECHINOX CAPITAL MARKETS S.R.L., avand sediul in Bucuresti, Romania, str. Buzesti 82-94, Turnul Tiriac, Etaj 6, Sector 1, numarul de comanda la Registrul Comertului J40\/ 15772\/29.11.2016, CUI 36793489 (fiecare \u0219i oricare dintre companiile \u00een continuare \u0219i\/sau pe site denumite, \u00eempreun\u0103 sau separat, \u201eCompanie\u201d sau \u201enoi\u201d sau \u201enoi\u201d sau \u201eEchinox\u201d).<\/p>\n<p><strong>1.1.<\/strong> Informa\u021biile con\u021binute \u00een acest site sunt protejate de reglement\u0103rile legale rom\u00e2ne\u0219ti \u0219i\/sau interna\u021bionale.<\/p>\n<p><strong>1.2.<\/strong> Prezen\u021bii termeni \u0219i condi\u021bii (denumite \u00een continuare \u201etermeni \u0219i condi\u021bii\u201d) se refer\u0103 la site-ul <a href=\"https:\/\/www.cwechinox.com\">cwechinox.com <\/a>, sunt adresate, aplicabile \u0219i obligatorii oric\u0103rei persoane care acceseaz\u0103 acest site \u0219i\/sau orice pagin\u0103 de pe site \u0219i\/sau care acceseaz\u0103 \u0219i\/sau utilizeaz\u0103, \u00een orice mod, orice informa\u021bie de pe site, total sau par\u021bial (\u00een continuare denumit \u201eutilizator\u201d sau \u201etu\u201d).<\/p>\n<p><strong>1.3.<\/strong> Prezen\u021bii termeni \u0219i condi\u021bii stabilesc termenii \u0219i condi\u021biile de accesare \u0219i utilizare a site-ului <a href=\"https:\/\/www.cwechinox.com\">cwechinox.com<\/a> \u0219i a oric\u0103ror informa\u021bii prezentate pe site. Prin site se intelege si orice subpagini si\/sau subsite-uri ale site-ului.<\/p>\n<p><strong>1.4. <\/strong>Prin accesarea acestui site \u0219i\/sau a oric\u0103rei pagini de pe site \u0219i\/sau prin accesarea oric\u0103rei informa\u021bii de pe site, indiferent de modalitatea de acces \u0219i\/sau utilizare, sunte\u021bi de acord \u0219i accepta\u021bi termenii \u0219i condi\u021biile, pentru a fi obligat prin termenii \u0219i condi\u021biile \u0219i to\u021bi termenii \u0219i condi\u021biile care v\u0103 vor fi aplicabile, av\u00e2nd valoare contractual\u0103 \u0219i fiind aplicabile ca un acord \u00eentre dvs. \u0219i Companie. Dac\u0103 nu sunte\u021bi de acord cu termenii \u0219i condi\u021biile \u0219i\/sau dac\u0103 nu dori\u021bi s\u0103 respecta\u021bi \u00een totalitate termenii \u0219i condi\u021biile \u0219i\/sau dac\u0103 nu dori\u021bi s\u0103 fi\u021bi legat de termenii \u0219i condi\u021biile, v\u0103 rug\u0103m s\u0103 nu utiliza\u021bi acest site \u00een orice fel \u0219i \u00een orice fel.<\/p>\n<p><strong>1.5. <\/strong>Este posibil ca pentru a accesa unele sec\u021biuni \u0219i\/sau informa\u021bii utilizatorul s\u0103 fie nevoit s\u0103 \u00ee\u0219i creeze un cont (denumit \u00een continuare \u201econtul\u201d) \u0219i\/sau s\u0103 furnizeze unele informa\u021bii. Utilizatorul raspunde exclusiv pentru ca toate informatiile furnizate sa fie corecte, complete si adevarate, Societatea fiind exonerata de orice raspundere in astfel de cazuri. Compania poate dezactiva un cont \u0219i\/sau limita accesul la unele informa\u021bii \u0219i\/sau servicii \u00een cazul \u00een care utilizatorul nu respect\u0103 \u00een totalitate \u0219i \u00een mod corespunz\u0103tor termenii \u0219i condi\u021biile.<\/p>\n<p><strong>\u00a0II. INFORMA\u021aII DE LA TER\u021aI P\u0102R\u021aI<\/strong><\/p>\n<p><strong>2.1. <\/strong>Informa\u021biile con\u021binute \u00een site-ul <a href=\"https:\/\/www.cwechinox.com\">www.cwechinox.com<\/a>, provenind de la \u0219i\/sau apar\u021bin\u00e2nd diferi\u021bilor proprietari de con\u021binut \u0219i\/sau altor ter\u021bii, inclusiv f\u0103r\u0103 a se limita la orice informa\u021bii legate de orice propriet\u0103\u021bi, sunt prezentate \u0219i furnizate \u201eca atare\u201d, f\u0103r\u0103 niciun angajament, reprezentare \u0219i garan\u021bie de orice fel, exprimat\u0103 sau implicit\u0103 \u0219i\/sau orice obliga\u021bie \u0219i r\u0103spundere privind calitatea, acurate\u021bea, caracterul complet sau eficien\u021ba unor astfel de informa\u021bii.<\/p>\n<p><strong>2.2. <\/strong>Informa\u021biile prezentate pe sau prin intermediul site-ului web sunt puse la dispozi\u021bie numai \u00een scop informativ \u0219i\/sau de prezentare \u0219i nu reprezint\u0103 niciun sfat \u0219i\/sau recomandare pentru \u00eencheierea vreunei tranzac\u021bii. Nicio informa\u021bie de pe site nu reprezint\u0103\/este menit\u0103 s\u0103 reprezinte consiliere juridic\u0103 \u0219i\/sau financiar\u0103, orice utilizator fiind obligat s\u0103 \u00ee\u0219i realizeze propria analiz\u0103 \u0219i\/sau evaluare \u2013 care nu se va baza doar pe informa\u021biile de pe site \u2013 pentru a lua o decizia si\/sau de a incheia o tranzactie, Societatea fiind exonerata de orice raspundere in astfel de cazuri. Din motive de claritate, \u00een m\u0103sura maxim\u0103 permis\u0103 de lege, Compania nu \u00ee\u0219i asum\u0103 \u0219i nu accept\u0103 nicio r\u0103spundere, de nici un fel, pentru informa\u021biile de pe site.<\/p>\n<p><strong>III. PRELUCRAREA DATELOR PERSONALE <\/strong><\/p>\n<p>Datele personale vor fi prelucrate de firma ECHINOX PROPERTY SERVICES S.R.L. conform <a href=\"\/prelucrarea-dalor-eps\/\">Politica de prelucrare a datelor<\/a> a ECHINOX PROPERTY SERVICES S.R.L.<\/p>\n<p>Datele personale vor fi prelucrate de firma ECHINOX CAPITAL MARKETS S.R.L. conform <a href=\"\/prelucrarea-dalor-ecm\/\">Politica de prelucrare a datelor<\/a> a ECHINOX CAPITAL MARKETS<\/p>\n","protected":false},"excerpt":{"rendered":"<p>\u00a0I. DISPOZI\u021aII GENERALE Acest site web (www.cwechinox.com), denumit \u00een continuare \u201esite\u201d sau \u201esite-ul\u201d sau \u201esite-ul www.cwechinox.com\u201d, este operat de firma ECHINOX PROPERTY SERVICES S.R.L., avand sediul in Bucuresti, Romania, str. Buzesti 82-94, Turnul Tiriac. , Etaje 6, Sector 1st, num\u0103r de comand\u0103 la Registrul Comer\u021bului J40\/6332\/24.05.2011, CUI 28533585, de c\u0103tre societatea ECHINOX EVALU\u0102RI S.R.L., av\u00e2nd &hellip; <a href=\"https:\/\/www.cwechinox.com\/residential\/ro\/termeni-conditii\/\">Continued<\/a><\/p>\n","protected":false},"author":1,"featured_media":0,"parent":0,"menu_order":0,"comment_status":"closed","ping_status":"closed","template":"","meta":{"_acf_changed":false,"footnotes":""},"class_list":["post-2965","page","type-page","status-publish","hentry"],"acf":[],"yoast_head":"<!-- This site is optimized with the Yoast SEO plugin v23.9 - https:\/\/yoast.com\/wordpress\/plugins\/seo\/ -->\n<title>Termeni &amp; Conditii - Residential CWEchinox<\/title>\n<meta name=\"robots\" content=\"index, follow, max-snippet:-1, max-image-preview:large, max-video-preview:-1\" \/>\n<link rel=\"canonical\" href=\"https:\/\/www.cwechinox.com\/residential\/ro\/termeni-conditii\/\" \/>\n<meta property=\"og:locale\" content=\"en_US\" \/>\n<meta property=\"og:type\" content=\"article\" \/>\n<meta property=\"og:title\" content=\"Termeni &amp; Conditii - Residential CWEchinox\" \/>\n<meta property=\"og:description\" content=\"\u00a0I. DISPOZI\u021aII GENERALE Acest site web (www.cwechinox.com), denumit \u00een continuare \u201esite\u201d sau \u201esite-ul\u201d sau \u201esite-ul www.cwechinox.com\u201d, este operat de firma ECHINOX PROPERTY SERVICES S.R.L., avand sediul in Bucuresti, Romania, str. Buzesti 82-94, Turnul Tiriac. , Etaje 6, Sector 1st, num\u0103r de comand\u0103 la Registrul Comer\u021bului J40\/6332\/24.05.2011, CUI 28533585, de c\u0103tre societatea ECHINOX EVALU\u0102RI S.R.L., av\u00e2nd &hellip; Continued\" \/>\n<meta property=\"og:url\" content=\"https:\/\/www.cwechinox.com\/residential\/ro\/termeni-conditii\/\" \/>\n<meta property=\"og:site_name\" content=\"Residential CWEchinox\" \/>\n<meta property=\"article:publisher\" content=\"https:\/\/www.facebook.com\/cwechinox\" \/>\n<meta name=\"twitter:card\" content=\"summary_large_image\" \/>\n<meta name=\"twitter:label1\" content=\"Est. reading time\" \/>\n\t<meta name=\"twitter:data1\" content=\"4 minutes\" \/>\n<script type=\"application\/ld+json\" class=\"yoast-schema-graph\">{\"@context\":\"https:\/\/schema.org\",\"@graph\":[{\"@type\":\"BreadcrumbList\",\"@id\":\"https:\/\/www.cwechinox.com\/residential\/ro\/termeni-conditii\/#breadcrumb\",\"itemListElement\":[{\"@type\":\"ListItem\",\"position\":1,\"name\":\"Home\",\"item\":\"https:\/\/www.cwechinox.com\/residential\/en\/\"},{\"@type\":\"ListItem\",\"position\":2,\"name\":\"Termeni &#038; Conditii\"}]},{\"@type\":\"WebSite\",\"@id\":\"https:\/\/www.cwechinox.com\/residential\/#website\",\"url\":\"https:\/\/www.cwechinox.com\/residential\/\",\"name\":\"Residential CWEchinox\",\"description\":\"\",\"publisher\":{\"@id\":\"https:\/\/www.cwechinox.com\/residential\/#organization\"},\"potentialAction\":[{\"@type\":\"SearchAction\",\"target\":{\"@type\":\"EntryPoint\",\"urlTemplate\":\"https:\/\/www.cwechinox.com\/residential\/?s={search_term_string}\"},\"query-input\":{\"@type\":\"PropertyValueSpecification\",\"valueRequired\":true,\"valueName\":\"search_term_string\"}}],\"inLanguage\":\"en-US\"},{\"@type\":\"Organization\",\"@id\":\"https:\/\/www.cwechinox.com\/residential\/#organization\",\"name\":\"Residential CWEchinox\",\"url\":\"https:\/\/www.cwechinox.com\/residential\/\",\"logo\":{\"@type\":\"ImageObject\",\"inLanguage\":\"en-US\",\"@id\":\"https:\/\/www.cwechinox.com\/residential\/#\/schema\/logo\/image\/\",\"url\":\"https:\/\/www.cwechinox.com\/residential\/app\/uploads\/2024\/08\/CW_Affiliate_logo_colour.png\",\"contentUrl\":\"https:\/\/www.cwechinox.com\/residential\/app\/uploads\/2024\/08\/CW_Affiliate_logo_colour.png\",\"width\":1920,\"height\":440,\"caption\":\"Residential CWEchinox\"},\"image\":{\"@id\":\"https:\/\/www.cwechinox.com\/residential\/#\/schema\/logo\/image\/\"},\"sameAs\":[\"https:\/\/www.facebook.com\/cwechinox\"]}]}<\/script>\n<!-- \/ Yoast SEO plugin. -->","yoast_head_json":{"title":"Termeni & Conditii - Residential CWEchinox","robots":{"index":"index","follow":"follow","max-snippet":"max-snippet:-1","max-image-preview":"max-image-preview:large","max-video-preview":"max-video-preview:-1"},"canonical":"https:\/\/www.cwechinox.com\/residential\/ro\/termeni-conditii\/","og_locale":"en_US","og_type":"article","og_title":"Termeni & Conditii - Residential CWEchinox","og_description":"\u00a0I. DISPOZI\u021aII GENERALE Acest site web (www.cwechinox.com), denumit \u00een continuare \u201esite\u201d sau \u201esite-ul\u201d sau \u201esite-ul www.cwechinox.com\u201d, este operat de firma ECHINOX PROPERTY SERVICES S.R.L., avand sediul in Bucuresti, Romania, str. Buzesti 82-94, Turnul Tiriac. , Etaje 6, Sector 1st, num\u0103r de comand\u0103 la Registrul Comer\u021bului J40\/6332\/24.05.2011, CUI 28533585, de c\u0103tre societatea ECHINOX EVALU\u0102RI S.R.L., av\u00e2nd &hellip; Continued","og_url":"https:\/\/www.cwechinox.com\/residential\/ro\/termeni-conditii\/","og_site_name":"Residential CWEchinox","article_publisher":"https:\/\/www.facebook.com\/cwechinox","twitter_card":"summary_large_image","twitter_misc":{"Est. reading time":"4 minutes"},"schema":{"@context":"https:\/\/schema.org","@graph":[{"@type":"BreadcrumbList","@id":"https:\/\/www.cwechinox.com\/residential\/ro\/termeni-conditii\/#breadcrumb","itemListElement":[{"@type":"ListItem","position":1,"name":"Home","item":"https:\/\/www.cwechinox.com\/residential\/en\/"},{"@type":"ListItem","position":2,"name":"Termeni &#038; Conditii"}]},{"@type":"WebSite","@id":"https:\/\/www.cwechinox.com\/residential\/#website","url":"https:\/\/www.cwechinox.com\/residential\/","name":"Residential CWEchinox","description":"","publisher":{"@id":"https:\/\/www.cwechinox.com\/residential\/#organization"},"potentialAction":[{"@type":"SearchAction","target":{"@type":"EntryPoint","urlTemplate":"https:\/\/www.cwechinox.com\/residential\/?s={search_term_string}"},"query-input":{"@type":"PropertyValueSpecification","valueRequired":true,"valueName":"search_term_string"}}],"inLanguage":"en-US"},{"@type":"Organization","@id":"https:\/\/www.cwechinox.com\/residential\/#organization","name":"Residential CWEchinox","url":"https:\/\/www.cwechinox.com\/residential\/","logo":{"@type":"ImageObject","inLanguage":"en-US","@id":"https:\/\/www.cwechinox.com\/residential\/#\/schema\/logo\/image\/","url":"https:\/\/www.cwechinox.com\/residential\/app\/uploads\/2024\/08\/CW_Affiliate_logo_colour.png","contentUrl":"https:\/\/www.cwechinox.com\/residential\/app\/uploads\/2024\/08\/CW_Affiliate_logo_colour.png","width":1920,"height":440,"caption":"Residential CWEchinox"},"image":{"@id":"https:\/\/www.cwechinox.com\/residential\/#\/schema\/logo\/image\/"},"sameAs":["https:\/\/www.facebook.com\/cwechinox"]}]}},"_links":{"self":[{"href":"https:\/\/www.cwechinox.com\/residential\/wp-json\/wp\/v2\/pages\/2965","targetHints":{"allow":["GET"]}}],"collection":[{"href":"https:\/\/www.cwechinox.com\/residential\/wp-json\/wp\/v2\/pages"}],"about":[{"href":"https:\/\/www.cwechinox.com\/residential\/wp-json\/wp\/v2\/types\/page"}],"author":[{"embeddable":true,"href":"https:\/\/www.cwechinox.com\/residential\/wp-json\/wp\/v2\/users\/1"}],"replies":[{"embeddable":true,"href":"https:\/\/www.cwechinox.com\/residential\/wp-json\/wp\/v2\/comments?post=2965"}],"version-history":[{"count":1,"href":"https:\/\/www.cwechinox.com\/residential\/wp-json\/wp\/v2\/pages\/2965\/revisions"}],"predecessor-version":[{"id":2966,"href":"https:\/\/www.cwechinox.com\/residential\/wp-json\/wp\/v2\/pages\/2965\/revisions\/2966"}],"wp:attachment":[{"href":"https:\/\/www.cwechinox.com\/residential\/wp-json\/wp\/v2\/media?parent=2965"}],"curies":[{"name":"wp","href":"https:\/\/api.w.org\/{rel}","templated":true}]}}