{"id":10503,"date":"2025-08-01T12:19:58","date_gmt":"2025-08-01T12:19:58","guid":{"rendered":"https:\/\/www.cwechinox.com\/residential\/?page_id=10503"},"modified":"2025-08-01T12:20:37","modified_gmt":"2025-08-01T12:20:37","slug":"privacy-cookies-2","status":"publish","type":"page","link":"https:\/\/www.cwechinox.com\/residential\/ro\/privacy-cookies-2\/","title":{"rendered":"Cookie-uri de confiden\u021bialitate"},"content":{"rendered":"<p><strong>Ce sunt cookie-urile<\/strong><\/p>\n<p>A\u0219a cum este practica obi\u0219nuit\u0103 la aproape toate site-urile web profesionale, acest site utilizeaz\u0103 cookie-uri, care sunt fi\u0219iere mici care sunt desc\u0103rcate pe computer, pentru a v\u0103 \u00eembun\u0103t\u0103\u021bi experien\u021ba. Aceast\u0103 pagin\u0103 descrie ce informa\u021bii colecteaz\u0103, cum le folosim \u0219i de ce uneori trebuie s\u0103 stoc\u0103m aceste cookie-uri. De asemenea, vom \u00eemp\u0103rt\u0103\u0219i cum pute\u021bi \u00eempiedica stocarea acestor cookie-uri, \u00eens\u0103 acest lucru poate afecta negativ sau \u201edefecta\u201d anumite elemente ale func\u021bionalit\u0103\u021bii site-ului. Pentru informa\u021bii mai generale despre cookie-uri, consulta\u021bi articolul Wikipedia despre cookie-urile HTTP.<\/p>\n<p><strong>Cum utiliz\u0103m cookie-urile<\/strong><\/p>\n<p>Utiliz\u0103m cookie-uri din diverse motive detaliate mai jos. Din p\u0103cate, \u00een majoritatea cazurilor nu exist\u0103 op\u021biuni standard \u00een industrie pentru dezactivarea cookie-urilor f\u0103r\u0103 a dezactiva complet func\u021bionalitatea \u0219i caracteristicile pe care le adaug\u0103 acestui site. Este recomandat s\u0103 l\u0103sa\u021bi toate cookie-urile activate dac\u0103 nu sunte\u021bi sigur dac\u0103 ave\u021bi nevoie de ele sau nu, \u00een cazul \u00een care sunt utilizate pentru a furniza un serviciu pe care \u00eel utiliza\u021bi.<\/p>\n<p><strong>Dezactivarea cookie-urilor<\/strong><\/p>\n<p>Pute\u021bi \u00eempiedica setarea cookie-urilor ajust\u00e2nd set\u0103rile browserului dvs. (consulta\u021bi Ajutorul browserului dvs. pentru a afla cum s\u0103 face\u021bi acest lucru). Re\u021bine\u021bi c\u0103 dezactivarea cookie-urilor va afecta func\u021bionalitatea acestui site web \u0219i a multor altora pe care le vizita\u021bi. Dezactivarea cookie-urilor va duce, de obicei, la dezactivarea anumitor func\u021bionalit\u0103\u021bi \u0219i caracteristici ale acestui site. Prin urmare, este recomandat s\u0103 nu dezactiva\u021bi cookie-urile.<\/p>\n<p><strong>Cookie-urile pe care le set\u0103m<\/strong><\/p>\n<p>Dac\u0103 v\u0103 crea\u021bi un cont la noi, vom folosi cookie-uri pentru gestionarea procesului de \u00eenregistrare \u0219i administrarea general\u0103. Aceste cookie-uri vor fi de obicei \u0219terse la deconectare, \u00eens\u0103, \u00een unele cazuri, acestea pot r\u0103m\u00e2ne ulterior pentru a v\u0103 aminti preferin\u021bele site-ului dvs. la deconectare.<\/p>\n<p>Folosim cookie-uri atunci c\u00e2nd sunte\u021bi conectat, astfel \u00eenc\u00e2t s\u0103 ne putem aminti acest fapt. Acest lucru v\u0103 \u00eempiedic\u0103 s\u0103 v\u0103 conecta\u021bi de fiecare dat\u0103 c\u00e2nd vizita\u021bi o pagin\u0103 nou\u0103. Aceste cookie-uri sunt de obicei eliminate sau \u0219terse la deconectare, pentru a ne asigura c\u0103 pute\u021bi accesa doar func\u021bii \u0219i zone restric\u021bionate atunci c\u00e2nd sunte\u021bi conectat.<\/p>\n<p>Acest site ofer\u0103 servicii de abonare la newsletter sau e-mail, iar cookie-urile pot fi utilizate pentru a v\u0103 aminti dac\u0103 sunte\u021bi deja \u00eenregistrat \u0219i dac\u0103 s\u0103 afi\u0219a\u021bi anumite notific\u0103ri, care ar putea fi valabile doar pentru utilizatorii abona\u021bi\/neabona\u021bi.<\/p>\n<p>Din c\u00e2nd \u00een c\u00e2nd, oferim sondaje \u0219i chestionare pentru utilizatori, pentru a v\u0103 oferi informa\u021bii interesante, instrumente utile sau pentru a \u00een\u021belege mai exact baza noastr\u0103 de utilizatori. Aceste sondaje pot utiliza cookie-uri pentru a-\u0219i aminti cine a participat deja la un sondaj sau pentru a v\u0103 oferi rezultate precise dup\u0103 ce schimba\u021bi paginile.<\/p>\n<p>C\u00e2nd trimite\u021bi date prin intermediul unui formular, cum ar fi cele g\u0103site pe paginile de contact sau formularele de comentarii, cookie-urile pot fi setate pentru a-\u0219i aminti datele de utilizator pentru coresponden\u021b\u0103 viitoare.<\/p>\n<p>Pentru a v\u0103 oferi o experien\u021b\u0103 excelent\u0103 pe acest site, v\u0103 oferim func\u021bionalitatea de a seta preferin\u021bele dvs. privind modul \u00een care func\u021bioneaz\u0103 acest site atunci c\u00e2nd \u00eel utiliza\u021bi. Pentru a v\u0103 aminti preferin\u021bele, trebuie s\u0103 set\u0103m cookie-uri astfel \u00eenc\u00e2t aceste informa\u021bii s\u0103 poat\u0103 fi accesate de fiecare dat\u0103 c\u00e2nd interac\u021biona\u021bi cu o pagin\u0103 care este afectat\u0103 de preferin\u021bele dvs.<\/p>\n<p><strong>Cookie-uri ter\u021be<\/strong><\/p>\n<p>\u00cen unele cazuri speciale, folosim \u0219i cookie-uri furnizate de ter\u021be p\u0103r\u021bi de \u00eencredere. Urm\u0103toarea sec\u021biune detaliaz\u0103 ce cookie-uri ter\u021be a\u021bi putea \u00eent\u00e2lni prin intermediul acestui site.<\/p>\n<p>Acest site utilizeaz\u0103 Google Analytics, care este una dintre cele mai r\u0103sp\u00e2ndite \u0219i de \u00eencredere solu\u021bii de analiz\u0103 de pe web, care ne ajut\u0103 s\u0103 \u00een\u021belegem cum utiliza\u021bi site-ul \u0219i modalit\u0103\u021bile prin care v\u0103 putem \u00eembun\u0103t\u0103\u021bi experien\u021ba. Aceste cookie-uri pot urm\u0103ri lucruri precum timpul petrecut pe site \u0219i paginile pe care le vizita\u021bi, astfel \u00eenc\u00e2t s\u0103 putem continua s\u0103 producem con\u021binut captivant.<\/p>\n<p>Pentru mai multe informa\u021bii despre cookie-urile Google Analytics, consulta\u021bi pagina oficial\u0103 Google Analytics.<\/p>\n<p>Analizele ter\u021be sunt utilizate pentru a urm\u0103ri \u0219i m\u0103sura utilizarea acestui site, astfel \u00eenc\u00e2t s\u0103 putem continua s\u0103 producem con\u021binut captivant. Aceste cookie-uri pot urm\u0103ri lucruri precum timpul petrecut pe site sau pe paginile pe care le vizita\u021bi, ceea ce ne ajut\u0103 s\u0103 \u00een\u021belegem cum putem \u00eembun\u0103t\u0103\u021bi site-ul pentru dvs.<\/p>\n<p>Din c\u00e2nd \u00een c\u00e2nd test\u0103m func\u021bii noi \u0219i facem modific\u0103ri subtile la modul \u00een care este livrat site-ul. Atunci c\u00e2nd \u00eenc\u0103 test\u0103m func\u021bii noi, aceste cookie-uri pot fi utilizate pentru a ne asigura c\u0103 beneficia\u021bi de o experien\u021b\u0103 consistent\u0103 pe site, asigur\u00e2ndu-ne \u00een acela\u0219i timp c\u0103 \u00een\u021belegem ce optimiz\u0103ri apreciaz\u0103 cel mai mult utilizatorii no\u0219tri.<\/p>\n<p>Serviciul Google AdSense pe care \u00eel folosim pentru a difuza reclame folose\u0219te un cookie DoubleClick pentru a difuza reclame mai relevante pe web \u0219i pentru a limita num\u0103rul de afi\u0219\u0103ri ale unei anumite reclame.<\/p>\n<p>Pentru mai multe informa\u021bii despre Google AdSense, consulta\u021bi \u00centreb\u0103rile frecvente oficiale privind confiden\u021bialitatea Google AdSense.<\/p>\n<p>Utiliz\u0103m reclame pentru a compensa costurile de func\u021bionare a acestui site \u0219i pentru a oferi finan\u021bare pentru dezvoltarea ulterioar\u0103. Cookie-urile de publicitate comportamental\u0103 utilizate de acest site sunt concepute pentru a ne asigura c\u0103 v\u0103 oferim cele mai relevante reclame, acolo unde este posibil, prin urm\u0103rirea anonim\u0103 a intereselor dvs. \u0219i prezentarea de lucruri similare care v-ar putea interesa.<\/p>\n<p>\u00cen unele cazuri, este posibil s\u0103 v\u0103 oferim con\u021binut personalizat pe baza a ceea ce ne spune\u021bi despre dvs., fie direct, fie indirect, prin conectarea unui cont de socializare. Aceste tipuri de cookie-uri ne permit pur \u0219i simplu s\u0103 v\u0103 oferim con\u021binut care consider\u0103m c\u0103 v-ar putea interesa.<\/p>\n<p><strong>Mai multe informa\u021bii<\/strong><\/p>\n<p>Sper\u0103m c\u0103 acest lucru v-a clarificat lucrurile \u0219i, a\u0219a cum s-a men\u021bionat anterior, dac\u0103 exist\u0103 ceva de care nu sunte\u021bi sigur dac\u0103 ave\u021bi nevoie sau nu, este de obicei mai sigur s\u0103 l\u0103sa\u021bi cookie-urile activate \u00een cazul \u00een care interac\u021bioneaz\u0103 cu una dintre func\u021biile pe care le utiliza\u021bi pe site-ul nostru. Cu toate acestea, dac\u0103 \u00eenc\u0103 mai c\u0103uta\u021bi mai multe informa\u021bii, ne pute\u021bi contacta prin una dintre metodele noastre de contact preferate.<\/p>\n<p>Politica privind cookie-urile Site-ul web \u0219i\/sau aplica\u021bia\/aplica\u021biile web ale Cushman &#038; Wakefield Echinox pot utiliza \u201ecookie-uri\u201d.<\/p>\n<p>Cookie-urile sunt fi\u0219iere text care con\u021bin cantit\u0103\u021bi mici de informa\u021bii, care sunt desc\u0103rcate pe dispozitivul dvs. atunci c\u00e2nd vizita\u021bi un site web \u0219i\/sau utiliza\u021bi aplica\u021bia\/aplica\u021biile web. Cookie-urile sunt apoi trimise \u00eenapoi c\u0103tre site-ul web de origine la fiecare vizit\u0103 ulterioar\u0103 sau c\u0103tre un alt site web care recunoa\u0219te acel cookie. Cookie-urile sunt utile deoarece permit unui site web s\u0103 recunoasc\u0103 dispozitivul unui utilizator. Pute\u021bi g\u0103si mai multe informa\u021bii despre cookie-uri la: http:\/\/www.allaboutcookies.org\/ \u0219i <a href=\"http:\/\/www.youronlinechoices.com\/ro\/\">http:\/\/www.youronlinechoices.com\/ro\/<\/a>. Cookie-urile \u00eendeplinesc multe func\u021bii diferite, cum ar fi permiterea navig\u0103rii eficiente \u00eentre pagini, memorarea preferin\u021belor dvs. \u0219i, \u00een general, \u00eembun\u0103t\u0103\u021birea experien\u021bei utilizatorului. De asemenea, v\u0103 pot ajuta s\u0103 v\u0103 asigura\u021bi c\u0103 reclamele pe care le vede\u021bi online sunt mai relevante pentru dvs. \u0219i interesele dvs.<\/p>\n<p>Pute\u021bi seta \u0219i\/sau ajusta set\u0103rile \u0219i preferin\u021bele (browserului) cu privire la cookie-uri \u00een orice moment \u0219i pute\u021bi dezactiva cookie-urile. De asemenea, pute\u021bi seta \u0219i\/sau ajusta set\u0103rile \u0219i preferin\u021bele (browserului) cu privire la cookie-uri \u00een orice moment din set\u0103rile\/preferin\u021bele browserului dvs.<\/p>\n<p>Dezactivarea acestora v\u0103 poate \u00eempiedica s\u0103 utiliza\u021bi anumite p\u0103r\u021bi\/func\u021bionalit\u0103\u021bi ale site-ului web (site-urilor web) \u0219i\/sau ale aplica\u021biei (aplica\u021biilor) web Cushman &#038; Wakefield Echinox.<\/p>\n<p>Putem colecta informa\u021bii anonime, inclusiv \u00een scopuri statistice sau de cercetare.<\/p>\n<p>Utiliz\u0103m urm\u0103toarele categorii \u00een aplica\u021bia(i) noastr\u0103 web \u0219i pe site-urile noastre web:<\/p>\n<p><strong>Categoria 1 \u2014 Cookie-uri strict necesare<\/strong><\/p>\n<p>Aceste cookie-uri sunt esen\u021biale pentru a v\u0103 permite s\u0103 naviga\u021bi pe site-ul(ele) web Cushman &#038; Wakefield Echinox \u0219i\/sau \u00een aplica\u021bia web \u0219i s\u0103 utiliza\u021bi func\u021biile acestora, cum ar fi accesarea zonelor securizate. F\u0103r\u0103 aceste cookie-uri, servicii precum co\u0219urile de cump\u0103r\u0103turi sau facturarea electronic\u0103 nu pot fi furnizate.<\/p>\n<p><strong>Utiliz\u0103m urm\u0103toarele cookie-uri \u00een aceast\u0103 categorie:<\/strong><\/p>\n<p><strong>Furnizor cookie Scop Tip de expirare<\/strong><\/p>\n<p>Consim\u021b\u0103m\u00e2nt cookie cwechinox.com stocheaz\u0103 starea de consim\u021b\u0103m\u00e2nt al utilizatorului pentru cookie-uri pentru domeniul curent 1 an HTTP<\/p>\n<p><strong>\u00a0<\/strong><\/p>\n<p><strong>Categoria 2 \u2014 Cookie-uri de performan\u021b\u0103<\/strong><\/p>\n<p>Aceste cookie-uri colecteaz\u0103 informa\u021bii despre modul \u00een care Cushman &#038; Wakefield Echinox utilizeaz\u0103 cookie-uri. Site-ul(ele) web Wakefield Echinox \u0219i\/sau aplica\u021bia(ile) &#8211; de exemplu, ce pagini accesa\u021bi cel mai des \u0219i dac\u0103 primesc mesaje de eroare de la paginile web \u0219i\/sau de la aplica\u021bia(ile) web. Aceste cookie-uri nu colecteaz\u0103 informa\u021bii care s\u0103 identifice un vizitator. Toate informa\u021biile colectate de aceste cookie-uri sunt agregate \u0219i, prin urmare, anonime. Acestea sunt utilizate doar pentru a \u00eembun\u0103t\u0103\u021bi modul \u00een care func\u021bioneaz\u0103 site-ul(ele) web Cushman &#038; Wakefield Echinox \u0219i\/sau aplica\u021bia web.<\/p>\n<p>\u00cen aceast\u0103 categorie folosim urm\u0103toarele cookie-uri:<\/p>\n<p><strong>Furnizor cookie Scop Tip de expirare<\/strong><\/p>\n<p>wfvt_# residential.cwechinox.com Re\u021bine datele trimise de utilizator atunci c\u00e2nd un comentariu este trimis \u00eentr-o postare pe blog. Scopul este de a completa automat c\u00e2mpurile formularului pentru comentariile ulterioare, pentru a economisi timp utilizatorului. Sesiune HTTP<\/p>\n<p><strong>\u00a0<\/strong><\/p>\n<p><strong>\u00a0<\/strong><\/p>\n<p><strong>\u00a0<\/strong><\/p>\n<p><strong>\u00a0<\/strong><\/p>\n<p><strong>Categoria 3 \u2014 Cookie-uri statistice\/ func\u021bionale<\/strong><\/p>\n<p>Aceste cookie-uri permit site-ului web Cushman &#038; Wakefield Echinox \u0219i\/sau aplica\u021biei\/aplica\u021biilor s\u0103 \u00ee\u0219i aminteasc\u0103 alegerile pe care le face\u021bi \u00een timpul navig\u0103rii \u0219i\/sau utiliz\u0103rii aplica\u021biei\/aplica\u021biilor (cum ar fi numele de utilizator, limba sau regiunea \u00een care v\u0103 afla\u021bi) \u0219i s\u0103 ofere func\u021bii \u00eembun\u0103t\u0103\u021bite, mai personalizate.<\/p>\n<p>Aceste cookie-uri pot fi utilizate \u0219i pentru a re\u021bine modific\u0103rile pe care le-a\u021bi f\u0103cut la dimensiunea textului, fonturile \u0219i alte p\u0103r\u021bi ale paginilor web pe care le pute\u021bi personaliza. Informa\u021biile colectate de aceste cookie-uri pot fi anonimizate \u0219i nu v\u0103 pot urm\u0103ri activitatea de navigare pe alte site-uri web sau informa\u021biile colectate de aceste cookie-uri nu v\u0103 vor identifica personal \u0219i nu v\u0103 pot urm\u0103ri activitatea de navigare pe site-uri web care nu apar\u021bin Cushman &#038; Wakefield Echinox.<\/p>\n<p>Folosim urm\u0103toarele cookie-uri \u00een aceast\u0103 categorie:<\/p>\n<p><strong>Furnizor Cookie Scop Expirare Tip<\/strong><\/p>\n<p>_ga cwechinox.com \u00cenregistreaz\u0103 un ID unic care este utilizat pentru a genera date statistice despre modul \u00een care vizitatorul utilizeaz\u0103 site-ul web. 1 an HTTP<\/p>\n<p>_gat cwechinox.com Utilizat de Google Analytics pentru a limita rata de solicit\u0103ri Sesiune HTTP<\/p>\n<p>_gid cwechinox.com \u00cenregistreaz\u0103 un ID unic care este utilizat pentru a genera date statistice despre modul \u00een care vizitatorul utilizeaz\u0103 site-ul web. Sesiune HTTP<\/p>\n<p>_gid cwechinox.com \u00cenregistreaz\u0103 un ID unic care este utilizat pentru a genera date statistice despre modul \u00een care vizitatorul utilizeaz\u0103 site-ul web. Sesiune HTTP<\/p>\n<p><strong>\u00a0<\/strong><\/p>\n<p><strong>Categoria 4 \u2013 Cookie-uri de direc\u021bionare sau cookie-uri de publicitate<\/strong><\/p>\n<p>Aceste cookie-uri sunt utilizate pentru a oferi reclame mai relevante pentru dvs. \u0219i interesele dvs. De asemenea, sunt utilizate pentru a limita num\u0103rul de apari\u021bii ale unei reclame, precum \u0219i pentru a ajuta la m\u0103surarea eficacit\u0103\u021bii campaniilor publicitare. De obicei, acestea sunt plasate de re\u021belele de publicitate cu permisiunea operatorului site-ului web. Acestea \u00ee\u0219i amintesc c\u0103 a\u021bi vizitat un site web, iar aceste informa\u021bii sunt partajate cu alte organiza\u021bii, cum ar fi agen\u021bii de publicitate. Destul de des, cookie-urile de direc\u021bionare sau de publicitate vor fi legate de func\u021bionalitatea site-ului furnizat\u0103 de cealalt\u0103 organiza\u021bie.<\/p>\n<p>Aceste cookie-uri colecteaz\u0103 informa\u021bii despre obiceiurile dvs. de navigare pentru a face publicitatea relevant\u0103 pentru dvs. \u0219i interesele dvs.<\/p>\n<p>Folosim urm\u0103toarele cookie-uri \u00een aceast\u0103 categorie:<\/p>\n<p><strong>Furnizor cookie Scop Expirare Tip<\/strong><\/p>\n<p>r\/collect doubleclick.net \u00cen a\u0219teptare Sesiune Pixel<\/p>\n","protected":false},"excerpt":{"rendered":"<p>Ce sunt cookie-urile A\u0219a cum este practica obi\u0219nuit\u0103 la aproape toate site-urile web profesionale, acest site utilizeaz\u0103 cookie-uri, care sunt fi\u0219iere mici care sunt desc\u0103rcate pe computer, pentru a v\u0103 \u00eembun\u0103t\u0103\u021bi experien\u021ba. Aceast\u0103 pagin\u0103 descrie ce informa\u021bii colecteaz\u0103, cum le folosim \u0219i de ce uneori trebuie s\u0103 stoc\u0103m aceste cookie-uri. De asemenea, vom \u00eemp\u0103rt\u0103\u0219i cum &hellip; <a href=\"https:\/\/www.cwechinox.com\/residential\/ro\/privacy-cookies-2\/\">Continued<\/a><\/p>\n","protected":false},"author":1,"featured_media":0,"parent":0,"menu_order":0,"comment_status":"closed","ping_status":"closed","template":"","meta":{"_acf_changed":false,"footnotes":""},"class_list":["post-10503","page","type-page","status-publish","hentry"],"acf":[],"yoast_head":"<!-- This site is optimized with the Yoast SEO plugin v23.9 - https:\/\/yoast.com\/wordpress\/plugins\/seo\/ -->\n<title>Cookie-uri de confiden\u021bialitate - Residential CWEchinox<\/title>\n<meta name=\"robots\" content=\"index, follow, max-snippet:-1, max-image-preview:large, max-video-preview:-1\" \/>\n<link rel=\"canonical\" href=\"https:\/\/www.cwechinox.com\/residential\/ro\/privacy-cookies-2\/\" \/>\n<meta property=\"og:locale\" content=\"en_US\" \/>\n<meta property=\"og:type\" content=\"article\" \/>\n<meta property=\"og:title\" content=\"Cookie-uri de confiden\u021bialitate - Residential CWEchinox\" \/>\n<meta property=\"og:description\" content=\"Ce sunt cookie-urile A\u0219a cum este practica obi\u0219nuit\u0103 la aproape toate site-urile web profesionale, acest site utilizeaz\u0103 cookie-uri, care sunt fi\u0219iere mici care sunt desc\u0103rcate pe computer, pentru a v\u0103 \u00eembun\u0103t\u0103\u021bi experien\u021ba. Aceast\u0103 pagin\u0103 descrie ce informa\u021bii colecteaz\u0103, cum le folosim \u0219i de ce uneori trebuie s\u0103 stoc\u0103m aceste cookie-uri. De asemenea, vom \u00eemp\u0103rt\u0103\u0219i cum &hellip; Continued\" \/>\n<meta property=\"og:url\" content=\"https:\/\/www.cwechinox.com\/residential\/ro\/privacy-cookies-2\/\" \/>\n<meta property=\"og:site_name\" content=\"Residential CWEchinox\" \/>\n<meta property=\"article:publisher\" content=\"https:\/\/www.facebook.com\/cwechinox\" \/>\n<meta property=\"article:modified_time\" content=\"2025-08-01T12:20:37+00:00\" \/>\n<meta name=\"twitter:card\" content=\"summary_large_image\" \/>\n<meta name=\"twitter:label1\" content=\"Est. reading time\" \/>\n\t<meta name=\"twitter:data1\" content=\"8 minutes\" \/>\n<script type=\"application\/ld+json\" class=\"yoast-schema-graph\">{\"@context\":\"https:\/\/schema.org\",\"@graph\":[{\"@type\":\"BreadcrumbList\",\"@id\":\"https:\/\/www.cwechinox.com\/residential\/ro\/privacy-cookies-2\/#breadcrumb\",\"itemListElement\":[{\"@type\":\"ListItem\",\"position\":1,\"name\":\"Home\",\"item\":\"https:\/\/www.cwechinox.com\/residential\/en\/\"},{\"@type\":\"ListItem\",\"position\":2,\"name\":\"Cookie-uri de confiden\u021bialitate\"}]},{\"@type\":\"WebSite\",\"@id\":\"https:\/\/www.cwechinox.com\/residential\/#website\",\"url\":\"https:\/\/www.cwechinox.com\/residential\/\",\"name\":\"Residential CWEchinox\",\"description\":\"\",\"publisher\":{\"@id\":\"https:\/\/www.cwechinox.com\/residential\/#organization\"},\"potentialAction\":[{\"@type\":\"SearchAction\",\"target\":{\"@type\":\"EntryPoint\",\"urlTemplate\":\"https:\/\/www.cwechinox.com\/residential\/?s={search_term_string}\"},\"query-input\":{\"@type\":\"PropertyValueSpecification\",\"valueRequired\":true,\"valueName\":\"search_term_string\"}}],\"inLanguage\":\"en-US\"},{\"@type\":\"Organization\",\"@id\":\"https:\/\/www.cwechinox.com\/residential\/#organization\",\"name\":\"Residential CWEchinox\",\"url\":\"https:\/\/www.cwechinox.com\/residential\/\",\"logo\":{\"@type\":\"ImageObject\",\"inLanguage\":\"en-US\",\"@id\":\"https:\/\/www.cwechinox.com\/residential\/#\/schema\/logo\/image\/\",\"url\":\"https:\/\/www.cwechinox.com\/residential\/app\/uploads\/2024\/08\/CW_Affiliate_logo_colour.png\",\"contentUrl\":\"https:\/\/www.cwechinox.com\/residential\/app\/uploads\/2024\/08\/CW_Affiliate_logo_colour.png\",\"width\":1920,\"height\":440,\"caption\":\"Residential CWEchinox\"},\"image\":{\"@id\":\"https:\/\/www.cwechinox.com\/residential\/#\/schema\/logo\/image\/\"},\"sameAs\":[\"https:\/\/www.facebook.com\/cwechinox\"]}]}<\/script>\n<!-- \/ Yoast SEO plugin. -->","yoast_head_json":{"title":"Cookie-uri de confiden\u021bialitate - Residential CWEchinox","robots":{"index":"index","follow":"follow","max-snippet":"max-snippet:-1","max-image-preview":"max-image-preview:large","max-video-preview":"max-video-preview:-1"},"canonical":"https:\/\/www.cwechinox.com\/residential\/ro\/privacy-cookies-2\/","og_locale":"en_US","og_type":"article","og_title":"Cookie-uri de confiden\u021bialitate - Residential CWEchinox","og_description":"Ce sunt cookie-urile A\u0219a cum este practica obi\u0219nuit\u0103 la aproape toate site-urile web profesionale, acest site utilizeaz\u0103 cookie-uri, care sunt fi\u0219iere mici care sunt desc\u0103rcate pe computer, pentru a v\u0103 \u00eembun\u0103t\u0103\u021bi experien\u021ba. Aceast\u0103 pagin\u0103 descrie ce informa\u021bii colecteaz\u0103, cum le folosim \u0219i de ce uneori trebuie s\u0103 stoc\u0103m aceste cookie-uri. De asemenea, vom \u00eemp\u0103rt\u0103\u0219i cum &hellip; Continued","og_url":"https:\/\/www.cwechinox.com\/residential\/ro\/privacy-cookies-2\/","og_site_name":"Residential CWEchinox","article_publisher":"https:\/\/www.facebook.com\/cwechinox","article_modified_time":"2025-08-01T12:20:37+00:00","twitter_card":"summary_large_image","twitter_misc":{"Est. reading time":"8 minutes"},"schema":{"@context":"https:\/\/schema.org","@graph":[{"@type":"BreadcrumbList","@id":"https:\/\/www.cwechinox.com\/residential\/ro\/privacy-cookies-2\/#breadcrumb","itemListElement":[{"@type":"ListItem","position":1,"name":"Home","item":"https:\/\/www.cwechinox.com\/residential\/en\/"},{"@type":"ListItem","position":2,"name":"Cookie-uri de confiden\u021bialitate"}]},{"@type":"WebSite","@id":"https:\/\/www.cwechinox.com\/residential\/#website","url":"https:\/\/www.cwechinox.com\/residential\/","name":"Residential CWEchinox","description":"","publisher":{"@id":"https:\/\/www.cwechinox.com\/residential\/#organization"},"potentialAction":[{"@type":"SearchAction","target":{"@type":"EntryPoint","urlTemplate":"https:\/\/www.cwechinox.com\/residential\/?s={search_term_string}"},"query-input":{"@type":"PropertyValueSpecification","valueRequired":true,"valueName":"search_term_string"}}],"inLanguage":"en-US"},{"@type":"Organization","@id":"https:\/\/www.cwechinox.com\/residential\/#organization","name":"Residential CWEchinox","url":"https:\/\/www.cwechinox.com\/residential\/","logo":{"@type":"ImageObject","inLanguage":"en-US","@id":"https:\/\/www.cwechinox.com\/residential\/#\/schema\/logo\/image\/","url":"https:\/\/www.cwechinox.com\/residential\/app\/uploads\/2024\/08\/CW_Affiliate_logo_colour.png","contentUrl":"https:\/\/www.cwechinox.com\/residential\/app\/uploads\/2024\/08\/CW_Affiliate_logo_colour.png","width":1920,"height":440,"caption":"Residential CWEchinox"},"image":{"@id":"https:\/\/www.cwechinox.com\/residential\/#\/schema\/logo\/image\/"},"sameAs":["https:\/\/www.facebook.com\/cwechinox"]}]}},"_links":{"self":[{"href":"https:\/\/www.cwechinox.com\/residential\/wp-json\/wp\/v2\/pages\/10503","targetHints":{"allow":["GET"]}}],"collection":[{"href":"https:\/\/www.cwechinox.com\/residential\/wp-json\/wp\/v2\/pages"}],"about":[{"href":"https:\/\/www.cwechinox.com\/residential\/wp-json\/wp\/v2\/types\/page"}],"author":[{"embeddable":true,"href":"https:\/\/www.cwechinox.com\/residential\/wp-json\/wp\/v2\/users\/1"}],"replies":[{"embeddable":true,"href":"https:\/\/www.cwechinox.com\/residential\/wp-json\/wp\/v2\/comments?post=10503"}],"version-history":[{"count":1,"href":"https:\/\/www.cwechinox.com\/residential\/wp-json\/wp\/v2\/pages\/10503\/revisions"}],"predecessor-version":[{"id":10504,"href":"https:\/\/www.cwechinox.com\/residential\/wp-json\/wp\/v2\/pages\/10503\/revisions\/10504"}],"wp:attachment":[{"href":"https:\/\/www.cwechinox.com\/residential\/wp-json\/wp\/v2\/media?parent=10503"}],"curies":[{"name":"wp","href":"https:\/\/api.w.org\/{rel}","templated":true}]}}